{"id":7,"date":"2014-03-13T12:21:55","date_gmt":"2014-03-13T17:21:55","guid":{"rendered":"http:\/\/preview.ait-themes.com\/guesthouse\/?page_id=7"},"modified":"2020-07-07T23:03:02","modified_gmt":"2020-07-08T04:03:02","slug":"home","status":"publish","type":"page","link":"https:\/\/www.truckstopquebec.com\/annuaire\/","title":{"rendered":"L&rsquo;annuaire du Transport"},"content":{"rendered":"<p style=\"text-align: center;\">L&rsquo;annuaire du transport vous permet de trouver ce que vous chercher! Gr\u00e2ce \u00e0 notre impressionnante base de donn\u00e9es que vous cherchiez un d\u00e9taillant, un road service, une d\u00e9panneuse, une entreprise de transport ici vous trouverez!<\/p>\n","protected":false},"excerpt":{"rendered":"<p>L&rsquo;annuaire du transport vous permet de trouver ce que vous chercher! Gr\u00e2ce \u00e0 notre impressionnante base de donn\u00e9es que vous cherchiez un d\u00e9taillant, un road service, une d\u00e9panneuse, une entreprise de transport ici vous trouverez!<\/p>\n","protected":false},"author":1,"featured_media":0,"parent":8069,"menu_order":0,"comment_status":"closed","ping_status":"closed","template":"","meta":{"footnotes":""},"class_list":["post-7","page","type-page","status-publish","hentry"],"yoast_head":"<!-- This site is optimized with the Yoast SEO plugin v25.9 - https:\/\/yoast.com\/wordpress\/plugins\/seo\/ -->\n<title>TSQ - L&#039;annuaire du Transport<\/title>\n<meta name=\"robots\" content=\"index, follow, max-snippet:-1, max-image-preview:large, max-video-preview:-1\" \/>\n<link rel=\"canonical\" href=\"https:\/\/www.truckstopquebec.com\/annuaire\/\" \/>\n<meta property=\"og:locale\" content=\"fr_FR\" \/>\n<meta property=\"og:type\" content=\"article\" \/>\n<meta property=\"og:title\" content=\"TSQ - L&#039;annuaire du Transport\" \/>\n<meta property=\"og:description\" content=\"L&rsquo;annuaire du transport vous permet de trouver ce que vous chercher! Gr\u00e2ce \u00e0 notre impressionnante base de donn\u00e9es que vous cherchiez un d\u00e9taillant, un road service, une d\u00e9panneuse, une entreprise de transport ici vous trouverez!\" \/>\n<meta property=\"og:url\" content=\"https:\/\/www.truckstopquebec.com\/annuaire\/\" \/>\n<meta property=\"og:site_name\" content=\"Truck Stop Quebec - Annuaire du Transport\" \/>\n<meta property=\"article:publisher\" content=\"https:\/\/www.facebook.com\/truckstopquebec\" \/>\n<meta property=\"article:modified_time\" content=\"2020-07-08T04:03:02+00:00\" \/>\n<meta property=\"og:image\" content=\"https:\/\/www.truckstopquebec.com\/annuaire\/wp-content\/uploads\/2015\/08\/TSQAnnuaire.png\" \/>\n\t<meta property=\"og:image:width\" content=\"431\" \/>\n\t<meta property=\"og:image:height\" content=\"168\" \/>\n\t<meta property=\"og:image:type\" content=\"image\/png\" \/>\n<script type=\"application\/ld+json\" class=\"yoast-schema-graph\">{\"@context\":\"https:\/\/schema.org\",\"@graph\":[{\"@type\":\"WebPage\",\"@id\":\"https:\/\/www.truckstopquebec.com\/annuaire\/\",\"url\":\"https:\/\/www.truckstopquebec.com\/annuaire\/\",\"name\":\"TSQ - L'annuaire du Transport\",\"isPartOf\":{\"@id\":\"https:\/\/www.truckstopquebec.com\/annuaire\/#website\"},\"datePublished\":\"2014-03-13T17:21:55+00:00\",\"dateModified\":\"2020-07-08T04:03:02+00:00\",\"breadcrumb\":{\"@id\":\"https:\/\/www.truckstopquebec.com\/annuaire\/#breadcrumb\"},\"inLanguage\":\"fr-FR\",\"potentialAction\":[{\"@type\":\"ReadAction\",\"target\":[\"https:\/\/www.truckstopquebec.com\/annuaire\/\"]}]},{\"@type\":\"BreadcrumbList\",\"@id\":\"https:\/\/www.truckstopquebec.com\/annuaire\/#breadcrumb\",\"itemListElement\":[{\"@type\":\"ListItem\",\"position\":1,\"name\":\"Home\",\"item\":\"https:\/\/www.truckstopquebec.com\/annuaire\/\"},{\"@type\":\"ListItem\",\"position\":2,\"name\":\"Soumettre une entreprise\",\"item\":\"https:\/\/www.truckstopquebec.com\/annuaire\/soumettre-une-entreprise\/\"},{\"@type\":\"ListItem\",\"position\":3,\"name\":\"L&rsquo;annuaire du Transport\"}]},{\"@type\":\"WebSite\",\"@id\":\"https:\/\/www.truckstopquebec.com\/annuaire\/#website\",\"url\":\"https:\/\/www.truckstopquebec.com\/annuaire\/\",\"name\":\"Truck Stop Quebec - Annuaire du Transport\",\"description\":\"Le R\u00e9pertoire de l&#039;industrie du camionnage\",\"publisher\":{\"@id\":\"https:\/\/www.truckstopquebec.com\/annuaire\/#organization\"},\"potentialAction\":[{\"@type\":\"SearchAction\",\"target\":{\"@type\":\"EntryPoint\",\"urlTemplate\":\"https:\/\/www.truckstopquebec.com\/annuaire\/?s={search_term_string}\"},\"query-input\":{\"@type\":\"PropertyValueSpecification\",\"valueRequired\":true,\"valueName\":\"search_term_string\"}}],\"inLanguage\":\"fr-FR\"},{\"@type\":\"Organization\",\"@id\":\"https:\/\/www.truckstopquebec.com\/annuaire\/#organization\",\"name\":\"Truck Stop Quebec\",\"url\":\"https:\/\/www.truckstopquebec.com\/annuaire\/\",\"logo\":{\"@type\":\"ImageObject\",\"inLanguage\":\"fr-FR\",\"@id\":\"https:\/\/www.truckstopquebec.com\/annuaire\/#\/schema\/logo\/image\/\",\"url\":\"https:\/\/www.truckstopquebec.com\/annuaire\/wp-content\/uploads\/2015\/08\/TSQAnnuaire.png\",\"contentUrl\":\"https:\/\/www.truckstopquebec.com\/annuaire\/wp-content\/uploads\/2015\/08\/TSQAnnuaire.png\",\"width\":431,\"height\":168,\"caption\":\"Truck Stop Quebec\"},\"image\":{\"@id\":\"https:\/\/www.truckstopquebec.com\/annuaire\/#\/schema\/logo\/image\/\"},\"sameAs\":[\"https:\/\/www.facebook.com\/truckstopquebec\"]}]}<\/script>\n<!-- \/ Yoast SEO plugin. -->","yoast_head_json":{"title":"TSQ - L'annuaire du Transport","robots":{"index":"index","follow":"follow","max-snippet":"max-snippet:-1","max-image-preview":"max-image-preview:large","max-video-preview":"max-video-preview:-1"},"canonical":"https:\/\/www.truckstopquebec.com\/annuaire\/","og_locale":"fr_FR","og_type":"article","og_title":"TSQ - L'annuaire du Transport","og_description":"L&rsquo;annuaire du transport vous permet de trouver ce que vous chercher! Gr\u00e2ce \u00e0 notre impressionnante base de donn\u00e9es que vous cherchiez un d\u00e9taillant, un road service, une d\u00e9panneuse, une entreprise de transport ici vous trouverez!","og_url":"https:\/\/www.truckstopquebec.com\/annuaire\/","og_site_name":"Truck Stop Quebec - Annuaire du Transport","article_publisher":"https:\/\/www.facebook.com\/truckstopquebec","article_modified_time":"2020-07-08T04:03:02+00:00","og_image":[{"width":431,"height":168,"url":"https:\/\/www.truckstopquebec.com\/annuaire\/wp-content\/uploads\/2015\/08\/TSQAnnuaire.png","type":"image\/png"}],"schema":{"@context":"https:\/\/schema.org","@graph":[{"@type":"WebPage","@id":"https:\/\/www.truckstopquebec.com\/annuaire\/","url":"https:\/\/www.truckstopquebec.com\/annuaire\/","name":"TSQ - L'annuaire du Transport","isPartOf":{"@id":"https:\/\/www.truckstopquebec.com\/annuaire\/#website"},"datePublished":"2014-03-13T17:21:55+00:00","dateModified":"2020-07-08T04:03:02+00:00","breadcrumb":{"@id":"https:\/\/www.truckstopquebec.com\/annuaire\/#breadcrumb"},"inLanguage":"fr-FR","potentialAction":[{"@type":"ReadAction","target":["https:\/\/www.truckstopquebec.com\/annuaire\/"]}]},{"@type":"BreadcrumbList","@id":"https:\/\/www.truckstopquebec.com\/annuaire\/#breadcrumb","itemListElement":[{"@type":"ListItem","position":1,"name":"Home","item":"https:\/\/www.truckstopquebec.com\/annuaire\/"},{"@type":"ListItem","position":2,"name":"Soumettre une entreprise","item":"https:\/\/www.truckstopquebec.com\/annuaire\/soumettre-une-entreprise\/"},{"@type":"ListItem","position":3,"name":"L&rsquo;annuaire du Transport"}]},{"@type":"WebSite","@id":"https:\/\/www.truckstopquebec.com\/annuaire\/#website","url":"https:\/\/www.truckstopquebec.com\/annuaire\/","name":"Truck Stop Quebec - Annuaire du Transport","description":"Le R\u00e9pertoire de l&#039;industrie du camionnage","publisher":{"@id":"https:\/\/www.truckstopquebec.com\/annuaire\/#organization"},"potentialAction":[{"@type":"SearchAction","target":{"@type":"EntryPoint","urlTemplate":"https:\/\/www.truckstopquebec.com\/annuaire\/?s={search_term_string}"},"query-input":{"@type":"PropertyValueSpecification","valueRequired":true,"valueName":"search_term_string"}}],"inLanguage":"fr-FR"},{"@type":"Organization","@id":"https:\/\/www.truckstopquebec.com\/annuaire\/#organization","name":"Truck Stop Quebec","url":"https:\/\/www.truckstopquebec.com\/annuaire\/","logo":{"@type":"ImageObject","inLanguage":"fr-FR","@id":"https:\/\/www.truckstopquebec.com\/annuaire\/#\/schema\/logo\/image\/","url":"https:\/\/www.truckstopquebec.com\/annuaire\/wp-content\/uploads\/2015\/08\/TSQAnnuaire.png","contentUrl":"https:\/\/www.truckstopquebec.com\/annuaire\/wp-content\/uploads\/2015\/08\/TSQAnnuaire.png","width":431,"height":168,"caption":"Truck Stop Quebec"},"image":{"@id":"https:\/\/www.truckstopquebec.com\/annuaire\/#\/schema\/logo\/image\/"},"sameAs":["https:\/\/www.facebook.com\/truckstopquebec"]}]}},"_links":{"self":[{"href":"https:\/\/www.truckstopquebec.com\/annuaire\/wp-json\/wp\/v2\/pages\/7","targetHints":{"allow":["GET"]}}],"collection":[{"href":"https:\/\/www.truckstopquebec.com\/annuaire\/wp-json\/wp\/v2\/pages"}],"about":[{"href":"https:\/\/www.truckstopquebec.com\/annuaire\/wp-json\/wp\/v2\/types\/page"}],"author":[{"embeddable":true,"href":"https:\/\/www.truckstopquebec.com\/annuaire\/wp-json\/wp\/v2\/users\/1"}],"replies":[{"embeddable":true,"href":"https:\/\/www.truckstopquebec.com\/annuaire\/wp-json\/wp\/v2\/comments?post=7"}],"version-history":[{"count":3,"href":"https:\/\/www.truckstopquebec.com\/annuaire\/wp-json\/wp\/v2\/pages\/7\/revisions"}],"predecessor-version":[{"id":8254,"href":"https:\/\/www.truckstopquebec.com\/annuaire\/wp-json\/wp\/v2\/pages\/7\/revisions\/8254"}],"up":[{"embeddable":true,"href":"https:\/\/www.truckstopquebec.com\/annuaire\/wp-json\/wp\/v2\/pages\/8069"}],"wp:attachment":[{"href":"https:\/\/www.truckstopquebec.com\/annuaire\/wp-json\/wp\/v2\/media?parent=7"}],"curies":[{"name":"wp","href":"https:\/\/api.w.org\/{rel}","templated":true}]}}